{"id":4825,"date":"2026-03-13T13:00:09","date_gmt":"2026-03-13T12:00:09","guid":{"rendered":"https:\/\/shop.fronta.se\/swedewolves\/?post_type=product&#038;p=4825"},"modified":"2026-03-13T13:00:09","modified_gmt":"2026-03-13T12:00:09","slug":"heavy-t-shirt-rsx","status":"publish","type":"product","link":"https:\/\/shop.fronta.se\/swedewolves\/shop\/klader\/t-shirt\/heavy-t-shirt-rsx\/","title":{"rendered":"Heavy T-shirt RSX"},"content":{"rendered":"<p>Modern T-shirt med f\u00f6rst\u00e4rkta axels\u00f6mmar och dubbel\u00adstickning runt halsh\u00e5l. Fyrlagers halsmudd f\u00f6r b\u00e4ttre formbest\u00e4ndighet.<br \/>\nKomposition<br \/>\n100% bomull (120 gr\u00e5mel. 85% bomull\/15% viskos), 160 g\/m\u00b2<br \/>\nK\u00f6n: Herr<br \/>\nVikt: 160g\/m\u00b2<br \/>\nTryckt Logga<\/p>\n","protected":false},"excerpt":{"rendered":"<p>Modern T-shirt med f\u00f6rst\u00e4rkta axels\u00f6mmar och dubbel\u00adstickning runt halsh\u00e5l. Fyrlagers halsmudd f\u00f6r b\u00e4ttre formbest\u00e4ndighet. Komposition 100% bomull (120 gr\u00e5mel. 85% bomull\/15% viskos), 160 g\/m\u00b2 K\u00f6n: Herr Vikt: 160g\/m\u00b2 Tryckt Logga<\/p>\n","protected":false},"featured_media":4826,"template":"","meta":{"_acf_changed":false},"product_brand":[],"product_cat":[211,212],"product_tag":[],"class_list":{"0":"post-4825","1":"product","2":"type-product","3":"status-publish","4":"has-post-thumbnail","6":"product_cat-klader","7":"product_cat-t-shirt","8":"pa_storlek-2xl","9":"pa_storlek-3xl","10":"pa_storlek-4xl","11":"pa_storlek-l","12":"pa_storlek-m","13":"pa_storlek-s","14":"pa_storlek-xl","15":"pa_storlek-xs","17":"first","18":"instock","19":"taxable","20":"shipping-taxable","21":"purchasable","22":"product-type-variable"},"acf":[],"tiered_pricing_type":"fixed","tiered_pricing_fixed_rules":[],"tiered_pricing_product_settings":{"layout":"default","base_unit_name":{"singular":null,"plural":null},"default_variation":null},"tiered_pricing_minimum_quantity":null,"tiered_pricing_roles_data":[],"tiered_pricing_percentage_rules":[],"_links":{"self":[{"href":"https:\/\/shop.fronta.se\/swedewolves\/wp-json\/wp\/v2\/product\/4825","targetHints":{"allow":["GET"]}}],"collection":[{"href":"https:\/\/shop.fronta.se\/swedewolves\/wp-json\/wp\/v2\/product"}],"about":[{"href":"https:\/\/shop.fronta.se\/swedewolves\/wp-json\/wp\/v2\/types\/product"}],"wp:featuredmedia":[{"embeddable":true,"href":"https:\/\/shop.fronta.se\/swedewolves\/wp-json\/wp\/v2\/media\/4826"}],"wp:attachment":[{"href":"https:\/\/shop.fronta.se\/swedewolves\/wp-json\/wp\/v2\/media?parent=4825"}],"wp:term":[{"taxonomy":"product_brand","embeddable":true,"href":"https:\/\/shop.fronta.se\/swedewolves\/wp-json\/wp\/v2\/product_brand?post=4825"},{"taxonomy":"product_cat","embeddable":true,"href":"https:\/\/shop.fronta.se\/swedewolves\/wp-json\/wp\/v2\/product_cat?post=4825"},{"taxonomy":"product_tag","embeddable":true,"href":"https:\/\/shop.fronta.se\/swedewolves\/wp-json\/wp\/v2\/product_tag?post=4825"}],"curies":[{"name":"wp","href":"https:\/\/api.w.org\/{rel}","templated":true}]}}