{"id":4901,"date":"2026-03-16T14:13:09","date_gmt":"2026-03-16T13:13:09","guid":{"rendered":"https:\/\/shop.fronta.se\/swedewolves\/?post_type=product&#038;p=4901"},"modified":"2026-03-16T14:13:10","modified_gmt":"2026-03-16T13:13:10","slug":"expedition-vest","status":"publish","type":"product","link":"https:\/\/shop.fronta.se\/swedewolves\/shop\/klader\/jacka-vast\/expedition-vest\/","title":{"rendered":"Expedition Vest"},"content":{"rendered":"<p>Softshell\/ l\u00e4ttvikts v\u00e4st. Oket, sidopaneler fram &amp; bak av softshell (tyg 1). B\u00e5l, fram &amp; bak av vadderat l\u00e4ttvikts material (tyg 2).<br \/>\nBroderad Logga<\/p>\n","protected":false},"excerpt":{"rendered":"<p>Softshell\/ l\u00e4ttvikts v\u00e4st. Oket, sidopaneler fram &amp; bak av softshell (tyg 1). B\u00e5l, fram &amp; bak av vadderat l\u00e4ttvikts material (tyg 2). Broderad Logga<\/p>\n","protected":false},"featured_media":4902,"template":"","meta":{"_acf_changed":false},"product_brand":[],"product_cat":[214,211],"product_tag":[],"class_list":{"0":"post-4901","1":"product","2":"type-product","3":"status-publish","4":"has-post-thumbnail","6":"product_cat-jacka-vast","7":"product_cat-klader","8":"pa_storlek-2xl","9":"pa_storlek-3xl","10":"pa_storlek-4xl","11":"pa_storlek-5xl","12":"pa_storlek-l","13":"pa_storlek-m","14":"pa_storlek-s","15":"pa_storlek-xl","17":"first","18":"instock","19":"taxable","20":"shipping-taxable","21":"purchasable","22":"product-type-variable"},"acf":[],"tiered_pricing_type":"fixed","tiered_pricing_fixed_rules":[],"tiered_pricing_product_settings":{"layout":"default","base_unit_name":{"singular":null,"plural":null},"default_variation":null},"tiered_pricing_minimum_quantity":null,"tiered_pricing_roles_data":[],"tiered_pricing_percentage_rules":[],"_links":{"self":[{"href":"https:\/\/shop.fronta.se\/swedewolves\/wp-json\/wp\/v2\/product\/4901","targetHints":{"allow":["GET"]}}],"collection":[{"href":"https:\/\/shop.fronta.se\/swedewolves\/wp-json\/wp\/v2\/product"}],"about":[{"href":"https:\/\/shop.fronta.se\/swedewolves\/wp-json\/wp\/v2\/types\/product"}],"wp:featuredmedia":[{"embeddable":true,"href":"https:\/\/shop.fronta.se\/swedewolves\/wp-json\/wp\/v2\/media\/4902"}],"wp:attachment":[{"href":"https:\/\/shop.fronta.se\/swedewolves\/wp-json\/wp\/v2\/media?parent=4901"}],"wp:term":[{"taxonomy":"product_brand","embeddable":true,"href":"https:\/\/shop.fronta.se\/swedewolves\/wp-json\/wp\/v2\/product_brand?post=4901"},{"taxonomy":"product_cat","embeddable":true,"href":"https:\/\/shop.fronta.se\/swedewolves\/wp-json\/wp\/v2\/product_cat?post=4901"},{"taxonomy":"product_tag","embeddable":true,"href":"https:\/\/shop.fronta.se\/swedewolves\/wp-json\/wp\/v2\/product_tag?post=4901"}],"curies":[{"name":"wp","href":"https:\/\/api.w.org\/{rel}","templated":true}]}}