{"id":4922,"date":"2026-03-16T14:19:22","date_gmt":"2026-03-16T13:19:22","guid":{"rendered":"https:\/\/shop.fronta.se\/swedewolves\/?post_type=product&#038;p=4922"},"modified":"2026-03-16T14:19:22","modified_gmt":"2026-03-16T13:19:22","slug":"handduk-grazza","status":"publish","type":"product","link":"https:\/\/shop.fronta.se\/swedewolves\/shop\/ovrigt\/handduk-grazza\/","title":{"rendered":"Handduk Grazza"},"content":{"rendered":"<p>Premium touch kvalit\u00e9 med h\u00f6g absorptionsf\u00f6rm\u00e5ga och med en uppskattad elegant b\u00e5rd.<\/p>\n<p>Kvalitet: 400gram<br \/>\nStorlek: 70x130cm<\/p>\n","protected":false},"excerpt":{"rendered":"<p>Premium touch kvalit\u00e9 med h\u00f6g absorptionsf\u00f6rm\u00e5ga och med en uppskattad elegant b\u00e5rd. Kvalitet: 400gram Storlek: 70x130cm<\/p>\n","protected":false},"featured_media":4923,"template":"","meta":{"_acf_changed":false},"product_brand":[],"product_cat":[216],"product_tag":[],"class_list":{"0":"post-4922","1":"product","2":"type-product","3":"status-publish","4":"has-post-thumbnail","6":"product_cat-ovrigt","7":"pa_farg-svart","8":"pa_farg-vit","10":"first","11":"instock","12":"taxable","13":"shipping-taxable","14":"purchasable","15":"product-type-variable"},"acf":[],"tiered_pricing_type":"fixed","tiered_pricing_fixed_rules":[],"tiered_pricing_product_settings":{"layout":"default","base_unit_name":{"singular":null,"plural":null},"default_variation":null},"tiered_pricing_minimum_quantity":null,"tiered_pricing_roles_data":[],"tiered_pricing_percentage_rules":[],"_links":{"self":[{"href":"https:\/\/shop.fronta.se\/swedewolves\/wp-json\/wp\/v2\/product\/4922","targetHints":{"allow":["GET"]}}],"collection":[{"href":"https:\/\/shop.fronta.se\/swedewolves\/wp-json\/wp\/v2\/product"}],"about":[{"href":"https:\/\/shop.fronta.se\/swedewolves\/wp-json\/wp\/v2\/types\/product"}],"wp:featuredmedia":[{"embeddable":true,"href":"https:\/\/shop.fronta.se\/swedewolves\/wp-json\/wp\/v2\/media\/4923"}],"wp:attachment":[{"href":"https:\/\/shop.fronta.se\/swedewolves\/wp-json\/wp\/v2\/media?parent=4922"}],"wp:term":[{"taxonomy":"product_brand","embeddable":true,"href":"https:\/\/shop.fronta.se\/swedewolves\/wp-json\/wp\/v2\/product_brand?post=4922"},{"taxonomy":"product_cat","embeddable":true,"href":"https:\/\/shop.fronta.se\/swedewolves\/wp-json\/wp\/v2\/product_cat?post=4922"},{"taxonomy":"product_tag","embeddable":true,"href":"https:\/\/shop.fronta.se\/swedewolves\/wp-json\/wp\/v2\/product_tag?post=4922"}],"curies":[{"name":"wp","href":"https:\/\/api.w.org\/{rel}","templated":true}]}}